{"id":5657,"date":"2014-04-23T18:10:35","date_gmt":"2014-04-23T16:10:35","guid":{"rendered":"https:\/\/falkor.hr\/novo\/?page_id=5657"},"modified":"2020-12-04T17:47:00","modified_gmt":"2020-12-04T16:47:00","slug":"models","status":"publish","type":"page","link":"https:\/\/falkor.hr\/en\/models\/","title":{"rendered":"Models"},"content":{"rendered":"<p>[et_pb_section fb_built=&#8221;1&#8243; _builder_version=&#8221;4.7.4&#8243; _module_preset=&#8221;default&#8221;][et_pb_row _builder_version=&#8221;4.7.4&#8243; _module_preset=&#8221;default&#8221;][et_pb_column _builder_version=&#8221;4.7.4&#8243; _module_preset=&#8221;default&#8221; type=&#8221;4_4&#8243;][et_pb_sidebar _builder_version=&#8221;4.7.4&#8243; _module_preset=&#8221;default&#8221; area=&#8221;et_pb_widget_area_1&#8243; hover_enabled=&#8221;0&#8243; sticky_enabled=&#8221;0&#8243; body_font_size=&#8221;18px&#8221; body_text_color=&#8221;#000000&#8243;][\/et_pb_sidebar][\/et_pb_column][\/et_pb_row][\/et_pb_section]<\/p>\n","protected":false},"excerpt":{"rendered":"<p>[et_pb_section fb_built=&#8221;1&#8243; _builder_version=&#8221;4.7.4&#8243; _module_preset=&#8221;default&#8221;][et_pb_row _builder_version=&#8221;4.7.4&#8243; _module_preset=&#8221;default&#8221;][et_pb_column _builder_version=&#8221;4.7.4&#8243; _module_preset=&#8221;default&#8221; type=&#8221;4_4&#8243;][et_pb_sidebar _builder_version=&#8221;4.7.4&#8243; _module_preset=&#8221;default&#8221; area=&#8221;et_pb_widget_area_1&#8243; hover_enabled=&#8221;0&#8243; sticky_enabled=&#8221;0&#8243; body_font_size=&#8221;18px&#8221; body_text_color=&#8221;#000000&#8243;][\/et_pb_sidebar][\/et_pb_column][\/et_pb_row][\/et_pb_section]<\/p>\n","protected":false},"author":7,"featured_media":0,"parent":0,"menu_order":0,"comment_status":"closed","ping_status":"closed","template":"","meta":{"_et_pb_use_builder":"on","_et_pb_old_content":"Bez obzira da li je dan na moru za vas avantura na zaslu\u017eenom odmoru, nadmudrivanje s ribljom lovinom ili jos jedan radni dan, Falkor 22 je va\u0161 odabir. Odaberite jedan od ponu\u0111enih modela i neka putovanje zapo\u010dne.","_et_gb_content_width":""},"_links":{"self":[{"href":"https:\/\/falkor.hr\/en\/wp-json\/wp\/v2\/pages\/5657"}],"collection":[{"href":"https:\/\/falkor.hr\/en\/wp-json\/wp\/v2\/pages"}],"about":[{"href":"https:\/\/falkor.hr\/en\/wp-json\/wp\/v2\/types\/page"}],"author":[{"embeddable":true,"href":"https:\/\/falkor.hr\/en\/wp-json\/wp\/v2\/users\/7"}],"replies":[{"embeddable":true,"href":"https:\/\/falkor.hr\/en\/wp-json\/wp\/v2\/comments?post=5657"}],"version-history":[{"count":0,"href":"https:\/\/falkor.hr\/en\/wp-json\/wp\/v2\/pages\/5657\/revisions"}],"wp:attachment":[{"href":"https:\/\/falkor.hr\/en\/wp-json\/wp\/v2\/media?parent=5657"}],"curies":[{"name":"wp","href":"https:\/\/api.w.org\/{rel}","templated":true}]}}