{"id":51999,"date":"2018-07-10T13:44:11","date_gmt":"2018-07-10T11:44:11","guid":{"rendered":"https:\/\/falkor.hr\/polica-privatnosti\/"},"modified":"2024-10-15T12:25:41","modified_gmt":"2024-10-15T10:25:41","slug":"polica-privatnosti","status":"publish","type":"page","link":"https:\/\/falkor.hr\/en\/polica-privatnosti\/","title":{"rendered":"Polica privatnosti"},"content":{"rendered":"<p>[et_pb_section bb_built=&#8221;1&#8243;][et_pb_row][et_pb_column type=&#8221;4_4&#8243;][et_pb_text _builder_version=&#8221;3.3.1&#8243;]<\/p>\n<p><strong>Pravila privatnosti<\/strong><\/p>\n<p>Korisnik posjetom\u00a0<a href=\"https:\/\/falkor.hr\/\" target=\"_blank\" rel=\"noopener\">www.falkor.hr<\/a>\u00a0web stranicama potvr\u0111uje da je pro\u010ditao i da u cijelosti\u00a0prihva\u0107a ove Uvjete kori\u0161tenja web stranice\u00a0<a href=\"https:\/\/falkor.hr\/\" target=\"_blank\" rel=\"noopener\">www.falkor.hr<\/a>\u00a0(dalje u tekstu: Uvjeti kori\u0161tenja), a<br \/>\nsvakim kori\u0161tenjem\u00a0<a href=\"https:\/\/falkor.hr\/\" target=\"_blank\" rel=\"noopener\">www.falkor.hr<\/a>, Korisnik potvr\u0111uje da je u tome trenutku upoznat s<br \/>\naktualnom verzijom Uvjeta kori\u0161tenja i da iste u cijelosti prihva\u0107a.<\/p>\n<p>Prihva\u0107anjem Uvjeta kori\u0161tenja Korisnik daje Falkor Nautika d.o.o. (dalje u tekstu: Falkor Nautika) izri\u010ditu<br \/>\nsuglasnost da smije podatke dostavljene prilikom registracije u skladu sa Zakonom<br \/>\no za\u0161titi osobnih podataka obra\u0111ivati u svrhu registracije, odnosno ispunjavanja prava i obveza<br \/>\ntemeljem ovih Uvjeta.<\/p>\n<p><strong>Uvod\u00a0<\/strong><\/p>\n<p>Ovim Uvjetima kori\u0161tenja regulira se:<\/p>\n<p>1. Na\u010din i svrha kori\u0161tenja\u00a0<a href=\"https:\/\/falkor.hr\/\" target=\"_blank\" rel=\"noopener\">www.falkor.hr<\/a><br \/>\n2. Na\u010din izravnog i neizravnog prikupljanja podataka korisnika<br \/>\n3. Vrsta podataka koji se prikupljaju<br \/>\n4. Na\u010din kori\u0161tenja i obra\u0111ivanja podataka<br \/>\n5. Proslje\u0111ivanje korisni\u010dkih podataka<br \/>\n6. &#8220;Kola\u010di\u0107i&#8221; (Cookies)<br \/>\n7. Zadr\u017eavanje korisni\u010dkih podataka<br \/>\n8. Sigurnosne procedure<br \/>\n9. Promjena Uvjeta<\/p>\n<p><strong>1. Na\u010din i svrha kori\u0161tenja\u00a0<\/strong><a href=\"https:\/\/falkor.hr\/\" target=\"_blank\" rel=\"noopener\"><strong>www.falkor.hr<\/strong><\/a><\/p>\n<p>Dokumenti, podaci i informacije objavljeni na\u00a0<a href=\"https:\/\/falkor.hr\/\" target=\"_blank\" rel=\"noopener\">www.falkor.hr<\/a>\u00a0ne smiju se reproducirati,<br \/>\ndistribuirati ili na bilo koji na\u010din koristiti u komercijalne svrhe bez izri\u010ditog pristanka Falkor Nautika te se<br \/>\nmogu koristiti isklju\u010divo za individualne potrebe korisnika uz po\u0161tivanje svih autorskih i<br \/>\nvlasni\u010dkih prava i prava tre\u0107ih osoba. Kori\u0161tenjem sadr\u017eaja\u00a0<a href=\"https:\/\/falkor.hr\/\" target=\"_blank\" rel=\"noopener\">www.falkor.hr<\/a>\u00a0korisnik prihva\u0107a sve\u00a0rizike koji nastaju iz kori\u0161tenja te prihva\u0107a koristiti sav sadr\u017eaj isklju\u010divo za osobnu uporabu i\u00a0 vlastitu odgovornost. Falkor Nautika ne\u0107e biti odgovoran za na\u010din kori\u0161tenja\u00a0<a href=\"https:\/\/falkor.hr\/\" target=\"_blank\" rel=\"noopener\">www.falkor.hr<\/a>, za radnje\u00a0korisnika uporabom ili zlouporabom sadr\u017eaja kao niti za bilo kakvu \u0161tetu koja mo\u017ee nastati\u00a0korisniku ili tre\u0107oj strani u vezi s uporabom ili zlouporabom sadr\u017eaja\u00a0<a href=\"https:\/\/falkor.hr\/\" target=\"_blank\" rel=\"noopener\">www.falkor.hr<\/a>.<\/p>\n<p><strong>2. Na\u010din prikupljanja osobnih podataka<\/strong><\/p>\n<p>1. Izravno od korisnika u slu\u010daju upita putem weba, u slu\u010daju da korisnik kontaktira Falkor Nautika putem weba i u slu\u010daju da korisnik podnosi zahtjev za ponudu putem weba. Neizravno prilikom korisni\u010dkog surfanja\u00a0<a href=\"https:\/\/falkor.hr\/\" target=\"_blank\" rel=\"noopener\">www.falkor.hr<\/a>.<\/p>\n<p><strong>3. Vrsta informacija koje se prikupljaju\u00a0<\/strong><\/p>\n<p><em>Prilikom upita putem weba korisnik izravno daje sljede\u0107e osobne podatke:<\/em><\/p>\n<p>1. Ime i prezime<br \/>\n2. Adresu dostave<br \/>\n3. Adresu za ra\u010dune<br \/>\n4. Telefonski broj<br \/>\n6. E-mail adresu<br \/>\n7. Osobni identifikacijski broj<br \/>\n8. Registracijski broj vozila<\/p>\n<p><em>Prilikom prijave na newsletter putem weba korisnik izravno daje sljede\u0107e osobne podatke:<\/em><\/p>\n<p>1. Ime i prezime<br \/>\n2. Mobilni broj<br \/>\n3. E-mail adresu<\/p>\n<p><em>Prilikom podno\u0161enja upita za Poslovnu suradnju putem weba korisnik izravno daje sljede\u0107e<br \/>\nosobne podatke:<\/em><\/p>\n<p>1. Tvrtku<br \/>\n2. OIB firme<br \/>\n3. Ime i prezime kontakt osobe<br \/>\n4. Kontakt broj<br \/>\n5. Adresu<\/p>\n<p><em>Neizravno prikupljanje podataka<\/em><\/p>\n<p>1. Putem kola\u010di\u0107a &#8211; korisniku se dodjeljuje jedinstveni identifikator putem cookie metode (Vi\u0161e\u00a0pod &#8220;Kola\u010di\u0107i&#8221;)<br \/>\n2. Ostale skupne podatke vezane uz korisni\u010dko kori\u0161tenje web stranica putem Google<br \/>\nAnalytics-a, Facebook pixela)<\/p>\n<p>&nbsp;<\/p>\n<p>&nbsp;<\/p>\n<p><strong>4. Na\u010din kori\u0161tenja i obra\u0111ivanja podataka\u00a0<\/strong><\/p>\n<p>Prihva\u0107anjem ovih Uvjeta kori\u0161tenja korisnik daje svoju privolu da se podaci prikupljeni putem<br \/>\n<a href=\"https:\/\/falkor.hr\/\" target=\"_blank\" rel=\"noopener\">www.falkor.hr<\/a>\u00a0mogu koristiti u neku od sljede\u0107ih svrha:<\/p>\n<p>1. Omogu\u0107iti korisniku pristup odre\u0111enim web stranicama i\/ili funkcionalnostima na<br \/>\n<a href=\"https:\/\/falkor.hr\/\" target=\"_blank\" rel=\"noopener\">www.falkor.hr<\/a><br \/>\n2. Obra\u0111ivanje narud\u017ebe koju je korisnik napravio putem\u00a0<a href=\"https:\/\/falkor.hr\/\" target=\"_blank\" rel=\"noopener\">www.falkor.hr<\/a><br \/>\n3. Osigurati korisniku proizvod koji je korisnik naru\u010dio putem\u00a0<a href=\"https:\/\/falkor.hr\/\" target=\"_blank\" rel=\"noopener\">www.falkor.hr<\/a><br \/>\n4. Potvrditi da korisnik ima pravo na odre\u0111eni proizvod<br \/>\n5. Organizirati pla\u0107anje za naru\u010deni proizvod<br \/>\n6. Kreiranje ra\u010duna i ostalih dokumenata za narud\u017ebe napravljene putem\u00a0<a href=\"https:\/\/falkor.hr\/\" target=\"_blank\" rel=\"noopener\">www.falkor.hr<\/a><br \/>\n7. Prevenirati zlouporabu provjerom korisni\u010dkog identiteta<br \/>\n8. Asistirati korisniku prilikom narud\u017ebe \u017eeljenog proizvoda putem\u00a0<a href=\"https:\/\/falkor.hr\/\" target=\"_blank\" rel=\"noopener\">www.falkor.hr<\/a><br \/>\n9. Organizirati dostavu naru\u010denog proizvoda<br \/>\n10. Informirati korisnika o novim web stranicama i\/ili funkcionalnostima na\u00a0<a href=\"https:\/\/falkor.hr\/\" target=\"_blank\" rel=\"noopener\">www.falkor.hr<\/a><br \/>\n11. Analizirati korisni\u010dko kori\u0161tenje\u00a0<a href=\"https:\/\/falkor.hr\/\" target=\"_blank\" rel=\"noopener\">www.falkor.hr<\/a>\u00a0i raditi web statisti\u010dke izvje\u0161taje za interne\u00a0potrebe Falkor Nautika d.o.o.<br \/>\n12. Kontaktirati korisnika putem telefona, SMS-a, e-maila ili na druge na\u010dine, a vezano uz<br \/>\nkorisni\u010dki upit ili narud\u017ebu<br \/>\n13. Proslijediti korisni\u010dke podatke tre\u0107im stranama s kojima Falkor Nautika d.o.o. poslovno sura\u0111uje, a\u00a0u svrhu zadovoljavanja korisni\u010dkog upita ili narud\u017ebe<br \/>\n14. Analizirati podatke o korisnicima uklju\u010duju\u0107i korisni\u010dko pozivanje, pretra\u017eivanje,<br \/>\npregledavanje\u00a0<a href=\"https:\/\/falkor.hr\/\" target=\"_blank\" rel=\"noopener\">www.falkor.hr<\/a>\u00a0i lokacijske podatke na osobnoj ili skupnoj osnovi. Ove podatke\u00a0mo\u017eemo proslijediti tre\u0107im osobama i mo\u017eda \u0107emo koristiti ove podatke kako bi korisniku pru\u017eili\u00a0ciljane Falkor Nautika ponude, promocije, reklame ili komercijalne poruke.<\/p>\n<p>&nbsp;<\/p>\n<p><strong>5. Proslje\u0111ivanje korisni\u010dkih podataka<br \/>\n<\/strong><br \/>\nPrihva\u0107anjem ovih Uvjeta kori\u0161tenja korisnik daje svoju privolu da Falkor Nautika\u00a0\u00a0korisni\u010dke podatke\u00a0prikupljene putem www.falkor.hrmo\u017ee proslje\u0111ivati:<\/p>\n<p>1. Poslovnim partnerima, zaposlenicima Falkor Nautika\u00a0\u00a0i zaposlenicima koji<br \/>\nsu uklju\u010deni u isporuku korisni\u010dke narud\u017ebe Falkor Nautika\u00a0\u00a0proizvoda ili u pru\u017eanje usluge temeljem\u00a0korisni\u010dkog upita<br \/>\n2. Nadle\u017enim tijelima javne i dr\u017eavne uprave ukoliko se radi o sumnji na zlouporabu www.falkor.hr web<br \/>\nstranica ili o drugim pitanjima iz njihove nadle\u017enosti<br \/>\n3. Tre\u0107im stranama koje sudjeluju u promotivnim aktivnostima Falkor Nautika<br \/>\n4. U svrhu ispunjavanja zakonskih obveza\u00a05. Kao odgovor na \u017ealbu da je do\u0161lo do povrede Op\u0107ih uvjeta kori\u0161tenja Falkor Nautika\u00a0\u00a0usluga<\/p>\n<p>&nbsp;<\/p>\n<p><strong>6. &#8220;Kola\u010di\u0107i&#8221; (Cookies)<\/strong><\/p>\n<p>Prigodom kori\u0161tenja, tj. posjeta\u00a0<a href=\"https:\/\/falkor.hr\/\" target=\"_blank\" rel=\"noopener\">www.falkor.hr<\/a>, poslu\u017eitelj pohranjuje odre\u0111ene informacije u<br \/>\nobliku &#8220;kola\u010di\u0107a&#8221; (&#8220;cookie&#8221;) na ra\u010dunalu\/mobilnom ure\u0111aju Korisnika. &#8220;Kola\u010di\u0107i&#8221; se koriste za<br \/>\nprepoznavanje Korisnika u tijeku njegovog jednog spajanja i nakon toga se bri\u0161u. &#8220;Kola\u010di\u0107&#8221; je<br \/>\nskup podataka koje generira poslu\u017eitelj mre\u017enih stranica, a koje internetski preglednik sprema<br \/>\nna disk Korisnika u obliku male tekstualne datoteke. &#8220;Kola\u010di\u0107&#8221; se ne mo\u017ee koristiti za<br \/>\npokretanje programa ili uno\u0161enje virusa na Korisnikovo ra\u010dunalo. Poslu\u017eitelji pri<br \/>\nposjeti\u00a0<a href=\"https:\/\/falkor.hr\/\" target=\"_blank\" rel=\"noopener\">www.falkor.hr<\/a>\u00a0stranicama koriste tip cookie-a poznat pod nazivom &#8220;privremeni kola\u010di\u0107&#8221;<br \/>\n(&#8220;session based cookie&#8221;), a koji se postavlja na Korisnikovo ra\u010dunalo samo tijekom trajanja<br \/>\nnjegova posjeta\u00a0<a href=\"https:\/\/falkor.hr\/\" target=\"_blank\" rel=\"noopener\">www.falkor.hr<\/a>\u00a0web stranicama i omogu\u0107uje mu da se u\u010dinkovitije slu\u017ei tim<br \/>\nstranicama te automatski istje\u010de kada zatvori svoj preglednik.<br \/>\nU &#8220;kola\u010di\u0107u&#8221; se ne pohranjuju informacije o telefonskome broju, ra\u010dunu ili detaljima pla\u0107anja<br \/>\nkorisni\u010dkog imena ili Korisnika i tim se informacijama ne mo\u017ee pristupiti. Falkor Nautika\u00a0\u00a0kori\u0161tenjem<br \/>\n&#8220;kola\u010di\u0107a&#8221; ni na koji na\u010din ne prikuplja informacije u vezi s kori\u0161tenjem ra\u010dunala ili<br \/>\npregledavanjem drugih stranica na internetu Korisnika. S obzirom na to da se &#8220;kola\u010di\u0107&#8221; nalazi<br \/>\nna ra\u010dunalu Korisnika, Falkor Nautika\u00a0\u00a0ga ne mo\u017ee prona\u0107i ako Korisnik posjeti Falkor Nautika\u00a0\u00a0web stranice s<br \/>\nnekoga drugog ra\u010dunala.<br \/>\n&#8220;Privremeni kola\u010di\u0107i&#8221; standardno se koriste u mre\u017enim aplikacijama koje Korisniku nakon<br \/>\nidentifikacije moraju omogu\u0107iti autorizirani pristup privatnim poslu\u017eiteljima. Ovo je rje\u0161enje<br \/>\nuvjetovano tehnologijom izrade mre\u017enih aplikacija te ga rabe i web stranice www.falkor.hr koje za<br \/>\nispravno funkcioniranje u pregledniku zahtijevaju od Korisnika da postavi &#8220;privremeni kola\u010di\u0107&#8221;<br \/>\nkoji je aktivan tijekom kori\u0161tenja\u00a0<a href=\"https:\/\/falkor.hr\/\" target=\"_blank\" rel=\"noopener\">www.falkor.hr<\/a>.<br \/>\nKorisnik ima mogu\u0107nost prihva\u0107anja ili odbijanja &#8220;kola\u010di\u0107a&#8221; putem postavki internet<br \/>\npreglednika. U slu\u010daju da korisnik odbije prihva\u0107anje &#8220;kola\u010di\u0107a&#8221; postoji mogu\u0107nost da neki<br \/>\ndijelovi ili funkcionalnosti\u00a0<a href=\"https:\/\/falkor.hr\/\" target=\"_blank\" rel=\"noopener\">www.falkor.hr<\/a>\u00a0stranice ne\u0107e funkcionirati na korisni\u010dkom<br \/>\nra\u010dunalu\/mobilnom ure\u0111aju. Iz navedenog razloga Falkor Nautika\u00a0\u00a0savjetuje kori\u0161tenje &#8220;kola\u010di\u0107a&#8221;<br \/>\nprilikom posjete\u00a0<a href=\"https:\/\/falkor.hr\/\" target=\"_blank\" rel=\"noopener\">www.falkor.hr<\/a>\u00a0stranica.<\/p>\n<p><strong>7. Zadr\u017eavanje korisni\u010dkih podataka<\/strong><\/p>\n<p>Falkor Nautika\u00a0\u00a0\u0107e zadr\u017eati prikupljene podatke o korisnicima samo u vremenu koje je nu\u017eno za<br \/>\nostvarenje odre\u0111ene svrhe.<\/p>\n<p><strong>8. Sigurnosne procedure<\/strong><\/p>\n<p>Falkor Nautika\u00a0\u00a0na redovitoj osnovi razmatra procedure kako bi se korisni\u010dki osobni podaci za\u0161titili od\u00a0neautoriziranog pristupa, slu\u010dajnog gubitka ili uni\u0161tenja. Koristi se tr\u017ei\u0161ni standard (SSL<br \/>\ntehnologiju) kako bi se enkriptirali osjetljivi korisni\u010dki podaci.<\/p>\n<p>Korisnici trebaju biti svjesni da je komunikacija putem interneta, u smislu e-mail i web<br \/>\nkomunikacije nesigurna osim u slu\u010dajevima SSL enkripcije. Sama priroda interneta je da<br \/>\npodaci mogu prolaziti kroz internetske veze u mnogim zemljama prije nego \u0161to su isporu\u010deni.<\/p>\n<p>Falkor Nautika\u00a0\u00a0ne mo\u017ee prihvatiti odgovornost za neautorizirani pristup ili gubitak informacija ukoliko se\u00a0radi o slu\u010dajevima nad kojima Falkor Nautika d.o.o. nema izravni nadzor.<\/p>\n<p>&nbsp;<\/p>\n<p><strong>9. Promjena Uvjeta<\/strong><br \/>\nNa slu\u010dajeve koji nisu rije\u0161eni ili regulirani ovim Uvjetima kori\u0161tenja Falkor Nautika\u00a0\u00a0\u0107e zatra\u017eiti posebnu privolu. Falkor Nautika\u00a0\u00a0pridr\u017eava pravo izmjene ovih Uvjeta kori\u0161tenja, o \u010demu \u0107e Korisnik biti pravodobno\u00a0obavije\u0161ten putem Falkor Nautika\u00a0\u00a0web stranice ili na drugi primjeren na\u010din.<\/p>\n<p>&nbsp;<\/p>\n<h2>Tko smo mi<\/h2>\n<p>Mi smo Falkor Nautika d.o.o., Kornatska 1e, Zagreb.<\/p>\n<p>Na\u0161 OIB je\u00a076988067464 .<\/p>\n<p>Adresa na\u0161e web-stranice je: https:\/\/falkor.hr\/.<\/p>\n<h2>Koje osobne podatke prikupljamo i za\u0161to<\/h2>\n<h3>Komentari<\/h3>\n<p>Kada posjetitelji napi\u0161u komentar na web-stranici mi prikupljamo podatke prikazane u formi komentara, i tako\u0111er IP adresu posjetitelja kao i string korisni\u010dkog agenta preglednika kako lak\u0161e detektirali spam.<\/p>\n<p>Mogu\u0107e je da je anonimiziran string kreiran iz va\u0161e adrese e-po\u0161te (koji se tako\u0111er zove hash) dostavljen Gravatar servisu kako bi provjerili da li ga koristite. Pravila privatnosti Gravatar servisa dostupna su ovdje: https:\/\/automattic.com\/privacy\/. Nakon odobrenja va\u0161eg komentara, va\u0161a profilna slika je javno vidljiva u kontekstu va\u0161eg komentara.<\/p>\n<h3>Medij<\/h3>\n<p>Ako prenesete sliku na web-stranicu, trebali bi izbjegavati prijenos slika koje imaju ugra\u0111ene podatke o lokaciji (EXIF GPS). Posjetitelji web-stranice mogu ih preuzeti i izdvojiti bilo koje podatke o lokaciji iz slika sa web-stranice.<\/p>\n<h3>Kontakt forme<\/h3>\n<h3>Kola\u010di\u0107i<\/h3>\n<p>Ako napi\u0161ete komentar na na\u0161oj web-stranici, mo\u017eete odabrati da spremite ime, adresu e-po\u0161te i web-stranicu u kola\u010di\u0107e. Ovo je kako bi vam olak\u0161ali ponovno komentiranje, da ne morate ponovno unositi te informacije. Ovi kola\u010di\u0107i traju godinu dana.<\/p>\n<p>Ako imate ra\u010dun i prijavite se na ovu web-stranicu, postaviti \u0107emo privremeni kola\u010di\u0107 kako bi utvrdili da li va\u0161 preglednik prihva\u0107a kola\u010di\u0107e. Ovaj kola\u010di\u0107 ne sadr\u017ei osobne podatke i bri\u0161e se kada ugasite preglednik.<\/p>\n<p>Kada se prijavite, tako\u0111er \u0107emo postaviti nekoliko kola\u010di\u0107a kako bi sa\u010duvali va\u0161e podatke o prijavi i va\u0161e postavke zaslona. Kola\u010di\u0107i prijave traju dva dana, i kola\u010di\u0107i postavki zaslona traju godinu dana. Ako odaberete &#8220;Zapamti me&#8221;, va\u0161a prijava \u0107e trajati dva tjedna. Ako se odjavite s ra\u010duna, kola\u010di\u0107i prijave biti \u0107e uklonjeni.<\/p>\n<p>Ako uredite ili objavite \u010dlanak, dodatni kola\u010di\u0107 biti \u0107e spremljen u va\u0161em pregledniku. Ovaj kola\u010di\u0107 ne sadr\u017ei osobne podatke i samo ukazuje na ID objave \u010dlanka koji ste upravo uredili. Kola\u010di\u0107 istekne nakon 1 dana.<\/p>\n<h3>Ugra\u0111eni sadr\u017eaj s drugih web-stranica<\/h3>\n<p>\u010clanci na ovoj web-stranici mogu sadr\u017eavati ugra\u0111eni sadr\u017eaj (npr. video, slike, \u010dlanke, itd.). Ugra\u0111eni sadr\u017eaj sa drugih web-stranica pona\u0161a se istovjetno kao da je posjetitelj posjetio tu drugu web-stranicu.<\/p>\n<p>Ove web-stranice mo\u017eda prikupljaju podatke o vama, koriste kola\u010di\u0107e, imaju ugra\u0111eno dodatno pra\u0107enje od tre\u0107ih strana, i nadgledaju va\u0161u interakciju s tim ugra\u0111enim sadr\u017eajem, uklju\u010duju\u0107i pra\u0107enje va\u0161e interakcije s ugra\u0111enim sadr\u017eajem ako imate ra\u010dun i prijavljeni ste na web-stranici.<\/p>\n<h3>Analitike<\/h3>\n<h2>S kime dijelimo va\u0161e podatke<\/h2>\n<h2>Koliko dugo \u010duvamo va\u0161e podatke<\/h2>\n<p>Ako napi\u0161ete komentar, komentar i njegovi meta podaci su sa\u010duvani zauvijek. To je zato da mo\u017eemo automatski prepoznati i odobriti budu\u0107e komentare, umjesto da ih dr\u017eimo na \u010dekanju za odobrenje.<\/p>\n<p>Za korisnike koji se registriraju na na\u0161oj web-stranici (ako ih ima), mi tako\u0111er pohranjujemo osobne podatke koje navedu u njihovim korisni\u010dkim profilima, Svi korisnici mogu vidjeti, urediti, ili obrisati svoje osobne podatke u bilo koje vrijeme ( osim \u0161to ne mogu promijeniti svoje korisni\u010dko ime). Administratori web-stranice tako\u0111er mogu vidjeti i urediti te informacije.<\/p>\n<h2>Koja prava imate nad svojim podacima<\/h2>\n<p>Ako imate ra\u010dun na ovoj web-stranici, ili ste pisali komentare, mo\u017eete zatra\u017eiti primanje izvozne datoteke osobnih podataka koje imamo o vama, uklju\u010duju\u0107i sve podatke koje ste nam dostavili. Tako\u0111er mo\u017eete zatra\u017eiti brisanje svih osobnih podataka koje imamo o vama. Ovo ne uklju\u010duje bilo koje podatke koje smo obavezni dr\u017eati za administrativne, pravne ili sigurnosne namjene.<\/p>\n<h2>Gdje \u0161aljemo va\u0161e podatke<\/h2>\n<p>Komentari posjetitelja mogu se provjeriti putem automatske usluge za otkrivanje ne\u017eeljene po\u0161te.<\/p>\n<h2>Va\u0161e kontakt informacije<\/h2>\n<h2>Dodatne informacije<\/h2>\n<h3>Kako \u0161titimo va\u0161e podatke<\/h3>\n<h3>Kakve procedure imamo pripremljene u slu\u010daju povrede podataka<\/h3>\n<h3>Od kojih tre\u0107ih strana primamo podatke<\/h3>\n<h3>Koje automatsko dono\u0161enje odluka i\/ili profiliranje radimo s korisni\u010dkim podacima<\/h3>\n<h3>Uvjeti objavljivanja industrijskih regulativa<\/h3>\n<h3>Plugin: Smush<\/h3>\n<p>Note: Smush does not interact with end users on your website. The only input option Smush has is to a newsletter subscription for site admins only. If you would like to notify your users of this in your privacy policy, you can use the information below.<\/p>\n<p>Smush sends images to the WPMU DEV servers to optimize them for web use. This includes the transfer of EXIF data. The EXIF data will either be stripped or returned as it is. It is not stored on the WPMU DEV servers.<\/p>\n<p>Smush uses a third-party email service (Drip) to send informational emails to the site administrator. The administrator&#8217;s email address is sent to Drip and a cookie is set by the service. Only administrator information is collected by Drip.<\/p>\n<p>[\/et_pb_text][\/et_pb_column][\/et_pb_row][\/et_pb_section]<\/p>\n","protected":false},"excerpt":{"rendered":"<p>[et_pb_section bb_built=&#8221;1&#8243;][et_pb_row][et_pb_column type=&#8221;4_4&#8243;][et_pb_text _builder_version=&#8221;3.3.1&#8243;] Pravila privatnosti Korisnik posjetom\u00a0www.falkor.hr\u00a0web stranicama potvr\u0111uje da je pro\u010ditao i da u cijelosti\u00a0prihva\u0107a ove Uvjete kori\u0161tenja web stranice\u00a0www.falkor.hr\u00a0(dalje u tekstu: Uvjeti kori\u0161tenja), a svakim kori\u0161tenjem\u00a0www.falkor.hr, Korisnik potvr\u0111uje da je u tome trenutku upoznat s aktualnom verzijom Uvjeta kori\u0161tenja i da iste u cijelosti prihva\u0107a. Prihva\u0107anjem Uvjeta kori\u0161tenja Korisnik daje Falkor Nautika [&hellip;]<\/p>\n","protected":false},"author":7,"featured_media":0,"parent":0,"menu_order":0,"comment_status":"closed","ping_status":"closed","template":"","meta":{"_et_pb_use_builder":"on","_et_pb_old_content":"<h2>Who we are<\/h2><p>Our website address is: https:\/\/falkor.hr.<\/p><h2>What personal data we collect and why we collect it<\/h2><h3>Comments<\/h3><p>When visitors leave comments on the site we collect the data shown in the comments form, and also the visitor\u2019s IP address and browser user agent string to help spam detection.<\/p><p>An anonymized string created from your email address (also called a hash) may be provided to the Gravatar service to see if you are using it. The Gravatar service privacy policy is available here: https:\/\/automattic.com\/privacy\/. After approval of your comment, your profile picture is visible to the public in the context of your comment.<\/p><h3>Media<\/h3><p>If you upload images to the website, you should avoid uploading images with embedded location data (EXIF GPS) included. Visitors to the website can download and extract any location data from images on the website.<\/p><h3>Contact forms<\/h3><h3>Cookies<\/h3><p>If you leave a comment on our site you may opt-in to saving your name, email address and website in cookies. These are for your convenience so that you do not have to fill in your details again when you leave another comment. These cookies will last for one year.<\/p><p>If you have an account and you log in to this site, we will set a temporary cookie to determine if your browser accepts cookies. This cookie contains no personal data and is discarded when you close your browser.<\/p><p>When you log in, we will also set up several cookies to save your login information and your screen display choices. Login cookies last for two days, and screen options cookies last for a year. If you select \"Remember Me\", your login will persist for two weeks. If you log out of your account, the login cookies will be removed.<\/p><p>If you edit or publish an article, an additional cookie will be saved in your browser. This cookie includes no personal data and simply indicates the post ID of the article you just edited. It expires after 1 day.<\/p><h3>Embedded content from other websites<\/h3><p>Articles on this site may include embedded content (e.g. videos, images, articles, etc.). Embedded content from other websites behaves in the exact same way as if the visitor has visited the other website.<\/p><p>These websites may collect data about you, use cookies, embed additional third-party tracking, and monitor your interaction with that embedded content, including tracking your interaction with the embedded content if you have an account and are logged in to that website.<\/p><h3>Analytics<\/h3><h2>Who we share your data with<\/h2><h2>How long we retain your data<\/h2><p>If you leave a comment, the comment and its metadata are retained indefinitely. This is so we can recognize and approve any follow-up comments automatically instead of holding them in a moderation queue.<\/p><p>For users that register on our website (if any), we also store the personal information they provide in their user profile. All users can see, edit, or delete their personal information at any time (except they cannot change their username). Website administrators can also see and edit that information.<\/p><h2>What rights you have over your data<\/h2><p>If you have an account on this site, or have left comments, you can request to receive an exported file of the personal data we hold about you, including any data you have provided to us. You can also request that we erase any personal data we hold about you. This does not include any data we are obliged to keep for administrative, legal, or security purposes.<\/p><h2>Where we send your data<\/h2><p>Visitor comments may be checked through an automated spam detection service.<\/p><h2>Your contact information<\/h2><h2>Additional information<\/h2><h3>How we protect your data<\/h3><h3>What data breach procedures we have in place<\/h3><h3>What third parties we receive data from<\/h3><h3>What automated decision making and\/or profiling we do with user data<\/h3><h3>Industry regulatory disclosure requirements<\/h3>","_et_gb_content_width":""},"_links":{"self":[{"href":"https:\/\/falkor.hr\/en\/wp-json\/wp\/v2\/pages\/51999"}],"collection":[{"href":"https:\/\/falkor.hr\/en\/wp-json\/wp\/v2\/pages"}],"about":[{"href":"https:\/\/falkor.hr\/en\/wp-json\/wp\/v2\/types\/page"}],"author":[{"embeddable":true,"href":"https:\/\/falkor.hr\/en\/wp-json\/wp\/v2\/users\/7"}],"replies":[{"embeddable":true,"href":"https:\/\/falkor.hr\/en\/wp-json\/wp\/v2\/comments?post=51999"}],"version-history":[{"count":1,"href":"https:\/\/falkor.hr\/en\/wp-json\/wp\/v2\/pages\/51999\/revisions"}],"predecessor-version":[{"id":52002,"href":"https:\/\/falkor.hr\/en\/wp-json\/wp\/v2\/pages\/51999\/revisions\/52002"}],"wp:attachment":[{"href":"https:\/\/falkor.hr\/en\/wp-json\/wp\/v2\/media?parent=51999"}],"curies":[{"name":"wp","href":"https:\/\/api.w.org\/{rel}","templated":true}]}}