{"id":50997,"date":"2018-06-21T14:40:52","date_gmt":"2018-06-21T12:40:52","guid":{"rendered":"https:\/\/falkor.hr\/?page_id=50997"},"modified":"2018-06-21T14:47:54","modified_gmt":"2018-06-21T12:47:54","slug":"about","status":"publish","type":"page","link":"https:\/\/falkor.hr\/en\/about\/","title":{"rendered":"About"},"content":{"rendered":"<p>[et_pb_section bb_built=&#8221;1&#8243;][et_pb_row][et_pb_column type=&#8221;4_4&#8243;][et_pb_text _builder_version=&#8221;3.3.1&#8243;]<\/p>\n<p><img loading=\"lazy\" class=\"alignnone size-full wp-image-5611\" src=\"https:\/\/falkor.hr\/wp-content\/uploads\/2014\/04\/coctails-opt-web-2013-14.jpg\" alt=\"coctails-opt-web-2013-14\" width=\"1018\" height=\"486\" srcset=\"https:\/\/falkor.hr\/wp-content\/uploads\/2014\/04\/coctails-opt-web-2013-14.jpg 1018w, https:\/\/falkor.hr\/wp-content\/uploads\/2014\/04\/coctails-opt-web-2013-14-229x109.jpg 229w, https:\/\/falkor.hr\/wp-content\/uploads\/2014\/04\/coctails-opt-web-2013-14-300x143.jpg 300w, https:\/\/falkor.hr\/wp-content\/uploads\/2014\/04\/coctails-opt-web-2013-14-768x367.jpg 768w, https:\/\/falkor.hr\/wp-content\/uploads\/2014\/04\/coctails-opt-web-2013-14-964x460.jpg 964w\" sizes=\"(max-width: 1018px) 100vw, 1018px\" \/><\/p>\n<blockquote><p>Falkor boats are designed to excite and appeal to all fans of RIBs, along with those who have yet to encounter the pleasure of this type of vessel. By using the experience of the past and the technology of the future, the Falkor is a fusion of attractive design with economical fuel consumption and the ability to navigate rough seas.<\/p><\/blockquote>\n<h3>Stability<\/h3>\n<p>The Falkor 22 is stable on the waves.<br \/>\nThe Falkor 22 hull is deep and narrow, enabling excellent control and safety in rough conditions despite the relatively short length of 6,5m.<\/p>\n<h3>Economy<\/h3>\n<p>Falkor 22 achieves peak performance with significantly smaller engines compared to similar RIBs of its length. Part of the reason is in the technology of its production. The Falkor 22 manufacturing process uses 3D vacuum infusion, a process that provides a sturdy yet lightweight hull. In addition to this technology, the low fuel consumption is also a result of the design of the hull, which allows Falkor 22 to plane at low speeds using less power.<\/p>\n<h3>Attractive design<\/h3>\n<p>Falkor 22 is attractive boat for family trips and at the same time, a speedboat for sea adventures. It combines beauty with capabilities that can leave you breathless. In addition to beautiful Italian design, Falkor 22 has everything you need for enjoyment on the sea: a sun deck on the beam, large-capacity beam and stern storage, place for an ice chest under skipper seat, a bow anchor compartment, a self-draining cockpit, and many other useful features. Falkor 22 is extremely practical. It is narrow enough to be towed by an ordinary car and light enough to be launched from a boat ramp.<\/p>\n<h3>About the Designer<\/h3>\n<p>Falkor 22 was designed by Alessandro Chessa, the famous Italian naval designer and advocate of inflatable boats.  Mr. Chesa is a regular writer for the Italian magazine Il Gommoni.<\/p>\n<p>[\/et_pb_text][\/et_pb_column][\/et_pb_row][\/et_pb_section]<\/p>\n","protected":false},"excerpt":{"rendered":"<p>[et_pb_section bb_built=&#8221;1&#8243;][et_pb_row][et_pb_column type=&#8221;4_4&#8243;][et_pb_text _builder_version=&#8221;3.3.1&#8243;] Falkor boats are designed to excite and appeal to all fans of RIBs, along with those who have yet to encounter the pleasure of this type of vessel. By using the experience of the past and the technology of the future, the Falkor is a fusion of attractive design with economical [&hellip;]<\/p>\n","protected":false},"author":7,"featured_media":0,"parent":0,"menu_order":0,"comment_status":"closed","ping_status":"closed","template":"","meta":{"_et_pb_use_builder":"on","_et_pb_old_content":"<p><img class=\"alignnone size-full wp-image-5611\" src=\"https:\/\/falkor.hr\/wp-content\/uploads\/2014\/04\/coctails-opt-web-2013-14.jpg\" alt=\"coctails-opt-web-2013-14\" width=\"1018\" height=\"486\" \/><\/p><blockquote><p>Falkor brodovi zami\u0161ljeni su da oduseve svoje moreplovce u svakom pogledu. Koriste\u0107i iskustva pro\u0161losti i tehnologije budu\u0107nosti, Falkor je stvoren da bude vizualno dopadljiv gumenjak koji \u0107e vas i po nemirnom moru dovesti do cilja, paze\u0107i na tro\u0161kove i utjecaj na okoli\u0161.<\/p><\/blockquote><h3>Stabilan po valovima<\/h3><p>Trup <strong>Falkora 22<\/strong> ima usko i duboko korito koje omogu\u010dava <strong>mirnu i sigurnu plovidbu<\/strong> bez obzira na relativno malu du\u017einu od 6,5 metara. <strong>Falkor 22<\/strong> meko nasjeda na val, bez karakteristi\u010dnog trzanja i udaranja o povr\u0161inu mora.<\/p><h3>Ekonomi\u010dan<\/h3><p>Vrhunske performanse <strong>Falkor 22<\/strong> posti\u017ee sa do <strong>30% slabijim motorom<\/strong> u usporedbi sa sli\u010dnim gumenjacima te du\u017eine. Razlog le\u017ei u maloj te\u017eini koja je postignuta posebnom tehnologijom izrade<br \/>trupa <strong>3D vakum infuzijom<\/strong>. Rezultat je <strong>lagan i ujedno izuzetno \u010dvrst trup<\/strong>. Osim toga, <strong>Falkor 22<\/strong> \u0161tedi gorivo zahvalju\u0107i dizajnu korita koje je usko i sa stepenicom s kojom se lak\u0161e podi\u017ee u glisiranje.<\/p><h3>Vrhunski dizajniran<\/h3><p><strong>Falkor 22<\/strong> je atraktivno i ekonomi\u010dno plovilo za <strong>obiteljske izlete<\/strong> i ujedno jurilica za avanture na nemirnom moru. To je prekrasan brod izvrsnih maritivnih sposobnosti koje \u0107e vas ostaviti bez daha. Osim izgleda koji je rezultat talijanske \u0161kole dizajna, Falkor 22 ima sve \u0161to vam je potrebno za <strong>u\u017eivanje na moru<\/strong>: sun\u010dali\u0161te na pramcu i krmi, veliki pram\u010dani i krmeni spremnik, prostor za hladnjak ispod skiperskog sjedala, sidreni gavun, samopra\u017ene\u0107i kokpit i mno\u0161tvo drugih korisnih rje\u0161enja. Falkor 22 je iznimno prakti\u010dan. Dovoljno je <strong>uzak<\/strong> da ga mo\u017eete vu\u0107i osobnim automobilom i toliko <strong>lagan<\/strong> da ga dva \u010dovjeka pomo\u0107u navoza mogu sami porinuti i izvu\u0107i iz mora.<\/p><h3>O projektantu<\/h3><p>Falkor 22 projektirao je Alessandro Chesa, poznati talijanski pomorski dizajner, ljubitelj gumenjaka i redovni pisac za talijanski c\u030casopis Il Gommone.<\/p>","_et_gb_content_width":""},"_links":{"self":[{"href":"https:\/\/falkor.hr\/en\/wp-json\/wp\/v2\/pages\/50997"}],"collection":[{"href":"https:\/\/falkor.hr\/en\/wp-json\/wp\/v2\/pages"}],"about":[{"href":"https:\/\/falkor.hr\/en\/wp-json\/wp\/v2\/types\/page"}],"author":[{"embeddable":true,"href":"https:\/\/falkor.hr\/en\/wp-json\/wp\/v2\/users\/7"}],"replies":[{"embeddable":true,"href":"https:\/\/falkor.hr\/en\/wp-json\/wp\/v2\/comments?post=50997"}],"version-history":[{"count":0,"href":"https:\/\/falkor.hr\/en\/wp-json\/wp\/v2\/pages\/50997\/revisions"}],"wp:attachment":[{"href":"https:\/\/falkor.hr\/en\/wp-json\/wp\/v2\/media?parent=50997"}],"curies":[{"name":"wp","href":"https:\/\/api.w.org\/{rel}","templated":true}]}}